{"id":1372,"date":"2017-03-25T07:59:44","date_gmt":"2017-03-25T07:59:44","guid":{"rendered":"http:\/\/www.lee-bc.de\/?page_id=1372"},"modified":"2021-11-26T16:37:37","modified_gmt":"2021-11-26T16:37:37","slug":"datenschutz","status":"publish","type":"page","link":"https:\/\/www.lee-bc.de\/ko\/datenschutz\/","title":{"rendered":"Datenschutz"},"content":{"rendered":"<div id='av_section_1'  class='avia-section av-av_section-f3b48af71b91bf2a61ae5e24c0e5ddd8 main_color avia-section-huge avia-no-border-styling  avia-builder-el-0  avia-builder-el-no-sibling  avia-bg-style-scroll container_wrap sidebar_right'  ><div class='container av-section-cont-open' ><main  role=\"main\" itemprop=\"mainContentOfPage\"  class='template-page content  av-content-small alpha units'><div class='post-entry post-entry-type-page post-entry-1372'><div class='entry-content-wrapper clearfix'>\n\n<style type=\"text\/css\" data-created_by=\"avia_inline_auto\" id=\"style-css-av-av_one_full-2533342d0d5edba8d0005ef771cb7c57\">\n#top .flex_column.av-av_one_full-2533342d0d5edba8d0005ef771cb7c57{\nmargin-top:-70px;\nmargin-bottom:0px;\n}\n.flex_column.av-av_one_full-2533342d0d5edba8d0005ef771cb7c57{\nborder-radius:0px 0px 0px 0px;\npadding:0px 0px 0px 0px;\n}\n.responsive #top #wrap_all .flex_column.av-av_one_full-2533342d0d5edba8d0005ef771cb7c57{\nmargin-top:-70px;\nmargin-bottom:0px;\n}\n<\/style>\n<div  class='flex_column av-av_one_full-2533342d0d5edba8d0005ef771cb7c57 av_one_full  avia-builder-el-1  avia-builder-el-no-sibling  first flex_column_div av-animated-generic bottom-to-top av-zero-column-padding  '     ><p>\n<style type=\"text\/css\" data-created_by=\"avia_inline_auto\" id=\"style-css-av-av_heading-5e7c48a4f4b4bdd5a56860ccae432143\">\n#top .av-special-heading.av-av_heading-5e7c48a4f4b4bdd5a56860ccae432143{\npadding-bottom:25px;\nfont-size:34px;\n}\nbody .av-special-heading.av-av_heading-5e7c48a4f4b4bdd5a56860ccae432143 .av-special-heading-tag .heading-char{\nfont-size:25px;\n}\n#top #wrap_all .av-special-heading.av-av_heading-5e7c48a4f4b4bdd5a56860ccae432143 .av-special-heading-tag{\nfont-size:34px;\n}\n.av-special-heading.av-av_heading-5e7c48a4f4b4bdd5a56860ccae432143 .av-subheading{\nfont-size:15px;\n}\n\n@media only screen and (min-width: 480px) and (max-width: 767px){ \n#top #wrap_all .av-special-heading.av-av_heading-5e7c48a4f4b4bdd5a56860ccae432143 .av-special-heading-tag{\nfont-size:0.8em;\n}\n}\n\n@media only screen and (max-width: 479px){ \n#top #wrap_all .av-special-heading.av-av_heading-5e7c48a4f4b4bdd5a56860ccae432143 .av-special-heading-tag{\nfont-size:0.8em;\n}\n}\n<\/style>\n<div  class='av-special-heading av-av_heading-5e7c48a4f4b4bdd5a56860ccae432143 av-special-heading-h3 custom-color-heading blockquote modern-quote  avia-builder-el-2  el_before_av_textblock  avia-builder-el-first  av-inherit-size'><h3 class='av-special-heading-tag '  itemprop=\"headline\"  >Datenschutz<\/h3><div class=\"special-heading-border\"><div class=\"special-heading-inner-border\"><\/div><\/div><\/div><br \/>\n<section  class='av_textblock_section av-av_textblock-0366cc7376be6c9e82a3e9cc8987b64f '   itemscope=\"itemscope\" itemtype=\"https:\/\/schema.org\/CreativeWork\" ><div class='avia_textblock'  itemprop=\"text\" ><p>Die Betreiber dieser Seiten nehmen den Schutz Ihrer pers\u00f6nlichen Daten sehr ernst. Wir behandeln Ihre personenbezogenen Daten vertraulich und entsprechend der gesetzlichen Datenschutzvorschriften sowie dieser Datenschutzerkl\u00e4rung.<\/p>\n<p>Die Nutzung unserer Webseite ist in der Regel ohne Angabe personenbezogener Daten m\u00f6glich. Soweit auf unseren Seiten personenbezogene Daten (beispielsweise Name, Anschrift oder E-Mail-Adressen) erhoben werden, erfolgt dies, soweit m\u00f6glich, stets auf freiwilliger Basis. Diese Daten werden ohne Ihre ausdr\u00fcckliche Zustimmung nicht an Dritte weitergegeben.<\/p>\n<p>Wir weisen darauf hin, dass die Daten\u00fcbertragung im Internet (z.B. bei der Kommunikation per E-Mail) Sicherheitsl\u00fccken aufweisen kann. Ein l\u00fcckenloser Schutz der Daten vor dem Zugriff durch Dritte ist nicht m\u00f6glich.<\/p>\n<h2>Cookies<\/h2>\n<p>Die Internetseiten verwenden teilweise so genannte Cookies. Cookies richten auf Ihrem Rechner keinen Schaden an und enthalten keine Viren. Cookies dienen dazu, unser Angebot nutzerfreundlicher, effektiver und sicherer zu machen. Cookies sind kleine Textdateien, die auf Ihrem Rechner abgelegt werden und die Ihr Browser speichert.<\/p>\n<p>Die meisten der von uns verwendeten Cookies sind so genannte \u201eSession-Cookies\u201c. Sie werden nach Ende Ihres Besuchs automatisch gel\u00f6scht. Andere Cookies bleiben auf Ihrem Endger\u00e4t gespeichert, bis Sie diese l\u00f6schen. Diese Cookies erm\u00f6glichen es uns, Ihren Browser beim n\u00e4chsten Besuch wiederzuerkennen.<\/p>\n<p>Sie k\u00f6nnen Ihren Browser so einstellen, dass Sie \u00fcber das Setzen von Cookies informiert werden und Cookies nur im Einzelfall erlauben, die Annahme von Cookies f\u00fcr bestimmte F\u00e4lle oder generell ausschlie\u00dfen sowie das automatische L\u00f6schen der Cookies beim Schlie\u00dfen des Browser aktivieren. Bei der Deaktivierung von Cookies kann die Funktionalit\u00e4t dieser Website eingeschr\u00e4nkt sein.<\/p>\n<h2>Server-Log-Files<\/h2>\n<p>Der Provider der Seiten erhebt und speichert automatisch Informationen in so genannten Server-Log Files, die Ihr Browser automatisch an uns \u00fcbermittelt. Dies sind:<\/p>\n<ul>\n<li>Browsertyp und Browserversion<\/li>\n<li>verwendetes Betriebssystem<\/li>\n<li>Referrer URL<\/li>\n<li>Hostname des zugreifenden Rechners<\/li>\n<li>Uhrzeit der Serveranfrage<\/li>\n<\/ul>\n<p>Diese Daten sind nicht bestimmten Personen zuordenbar. Eine Zusammenf\u00fchrung dieser Daten mit anderen Datenquellen wird nicht vorgenommen. Wir behalten uns vor, diese Daten nachtr\u00e4glich zu pr\u00fcfen, wenn uns konkrete Anhaltspunkte f\u00fcr eine rechtswidrige Nutzung bekannt werden.<\/p>\n<h2>Kontaktformular<\/h2>\n<p>Wenn Sie uns per Kontaktformular Anfragen zukommen lassen, werden Ihre Angaben aus dem Anfrageformular inklusive der von Ihnen dort angegebenen Kontaktdaten zwecks Bearbeitung der Anfrage und f\u00fcr den Fall von Anschlussfragen bei uns gespeichert. Diese Daten geben wir nicht ohne Ihre Einwilligung weiter.<\/p>\n<h2>Datenschutzerkl\u00e4rung f\u00fcr die Nutzung von Google Analytics<\/h2>\n<p>Diese Website nutzt Funktionen des Webanalysedienstes Google Analytics. Anbieter ist die Google Inc., 1600 Amphitheatre Parkway Mountain View, CA 94043, USA.<\/p>\n<p>Google Analytics verwendet so genannte &#8220;Cookies&#8221;. Das sind Textdateien, die auf Ihrem Computer gespeichert werden und die eine Analyse der Benutzung der Website durch Sie erm\u00f6glichen. Die durch den Cookie erzeugten Informationen \u00fcber Ihre Benutzung dieser Website werden in der Regel an einen Server von Google in den USA \u00fcbertragen und dort gespeichert.<\/p>\n<p>Mehr Informationen zum Umgang mit Nutzerdaten bei Google Analytics finden Sie in der Datenschutzerkl\u00e4rung von Google: <a href=\"https:\/\/support.google.com\/analytics\/answer\/6004245?hl=de\">https:\/\/support.google.com\/analytics\/answer\/6004245?hl=de<\/a><\/p>\n<p><strong>Browser Plugin<\/strong><\/p>\n<p>Sie k\u00f6nnen die Speicherung der Cookies durch eine entsprechende Einstellung Ihrer Browser-Software verhindern; wir weisen Sie jedoch darauf hin, dass Sie in diesem Fall gegebenenfalls nicht s\u00e4mtliche Funktionen dieser Website vollumf\u00e4nglich werden nutzen k\u00f6nnen. Sie k\u00f6nnen dar\u00fcber hinaus die Erfassung der durch den Cookie erzeugten und auf Ihre Nutzung der Website bezogenen Daten (inkl. Ihrer IP-Adresse) an Google sowie die Verarbeitung dieser Daten durch Google verhindern, indem Sie das unter dem folgenden Link verf\u00fcgbare Browser-Plugin herunterladen und installieren: <a href=\"https:\/\/tools.google.com\/dlpage\/gaoptout?hl=de\">https:\/\/tools.google.com\/dlpage\/gaoptout?hl=de<\/a><\/p>\n<p><strong>Widerspruch gegen Datenerfassung<\/strong><\/p>\n<p>Sie k\u00f6nnen die Erfassung Ihrer Daten durch Google Analytics verhindern, indem Sie auf folgenden Link klicken. Es wird ein Opt-Out-Cookie gesetzt, der die Erfassung Ihrer Daten bei zuk\u00fcnftigen Besuchen dieser Website verhindert: <a>Google Analytics deaktivieren<\/a><\/p>\n<p><em>Quellenangabe: <a href=\"https:\/\/www.e-recht24.de\">eRecht24<\/a><\/em><\/p>\n<\/div><\/section><\/p><\/div><\/div><\/div><\/main><!-- close content main element --><\/div><\/div><div id='after_section_1'  class='main_color av_default_container_wrap container_wrap sidebar_right'  ><div class='container av-section-cont-open' ><div class='template-page content  av-content-small alpha units'><div class='post-entry post-entry-type-page post-entry-1372'><div class='entry-content-wrapper clearfix'>\n","protected":false},"excerpt":{"rendered":"","protected":false},"author":1,"featured_media":0,"parent":0,"menu_order":0,"comment_status":"closed","ping_status":"closed","template":"","meta":{"footnotes":""},"class_list":["post-1372","page","type-page","status-publish","hentry"],"yoast_head":"<!-- This site is optimized with the Yoast SEO plugin v25.0 - https:\/\/yoast.com\/wordpress\/plugins\/seo\/ -->\n<title>Datenschutz - LBC Lee Business Consulting | Unternehmensberatung in D\u00fcsseldorf<\/title>\n<meta name=\"description\" content=\"Ihre Unternehmensberatung in D\u00fcsseldorf hilft Ihrem Betrieb in Sachen Wachstum, Finanzbuchhaltung und Lohnbuchhaltung.\" \/>\n<meta name=\"robots\" content=\"index, follow, max-snippet:-1, max-image-preview:large, max-video-preview:-1\" \/>\n<link rel=\"canonical\" href=\"https:\/\/www.lee-bc.de\/ko\/datenschutz\/\" \/>\n<meta property=\"og:locale\" content=\"ko_KR\" \/>\n<meta property=\"og:type\" content=\"article\" \/>\n<meta property=\"og:title\" content=\"Datenschutz - LBC Lee Business Consulting | Unternehmensberatung in D\u00fcsseldorf\" \/>\n<meta property=\"og:description\" content=\"Ihre Unternehmensberatung in D\u00fcsseldorf hilft Ihrem Betrieb in Sachen Wachstum, Finanzbuchhaltung und Lohnbuchhaltung.\" \/>\n<meta property=\"og:url\" content=\"https:\/\/www.lee-bc.de\/ko\/datenschutz\/\" \/>\n<meta property=\"og:site_name\" content=\"LBC Lee Business Consulting | Unternehmensberatung in D\u00fcsseldorf\" \/>\n<meta property=\"article:modified_time\" content=\"2021-11-26T16:37:37+00:00\" \/>\n<meta name=\"twitter:card\" content=\"summary_large_image\" \/>\n<meta name=\"twitter:label1\" content=\"\uc608\uc0c1 \ub418\ub294 \ud310\ub3c5 \uc2dc\uac04\" \/>\n\t<meta name=\"twitter:data1\" content=\"4\ubd84\" \/>\n<script type=\"application\/ld+json\" class=\"yoast-schema-graph\">{\"@context\":\"https:\/\/schema.org\",\"@graph\":[{\"@type\":\"WebPage\",\"@id\":\"https:\/\/www.lee-bc.de\/ko\/datenschutz\/\",\"url\":\"https:\/\/www.lee-bc.de\/ko\/datenschutz\/\",\"name\":\"Datenschutz - LBC Lee Business Consulting | Unternehmensberatung in D\u00fcsseldorf\",\"isPartOf\":{\"@id\":\"https:\/\/www.lee-bc.de\/#website\"},\"datePublished\":\"2017-03-25T07:59:44+00:00\",\"dateModified\":\"2021-11-26T16:37:37+00:00\",\"description\":\"Ihre Unternehmensberatung in D\u00fcsseldorf hilft Ihrem Betrieb in Sachen Wachstum, Finanzbuchhaltung und Lohnbuchhaltung.\",\"breadcrumb\":{\"@id\":\"https:\/\/www.lee-bc.de\/ko\/datenschutz\/#breadcrumb\"},\"inLanguage\":\"ko-KR\",\"potentialAction\":[{\"@type\":\"ReadAction\",\"target\":[\"https:\/\/www.lee-bc.de\/ko\/datenschutz\/\"]}]},{\"@type\":\"BreadcrumbList\",\"@id\":\"https:\/\/www.lee-bc.de\/ko\/datenschutz\/#breadcrumb\",\"itemListElement\":[{\"@type\":\"ListItem\",\"position\":1,\"name\":\"Home\",\"item\":\"https:\/\/www.lee-bc.de\/ko\/startseite\/\"},{\"@type\":\"ListItem\",\"position\":2,\"name\":\"Datenschutz\"}]},{\"@type\":\"WebSite\",\"@id\":\"https:\/\/www.lee-bc.de\/#website\",\"url\":\"https:\/\/www.lee-bc.de\/\",\"name\":\"LBC Lee Business Consulting | Unternehmensberatung in D\u00fcsseldorf\",\"description\":\"\",\"potentialAction\":[{\"@type\":\"SearchAction\",\"target\":{\"@type\":\"EntryPoint\",\"urlTemplate\":\"https:\/\/www.lee-bc.de\/?s={search_term_string}\"},\"query-input\":{\"@type\":\"PropertyValueSpecification\",\"valueRequired\":true,\"valueName\":\"search_term_string\"}}],\"inLanguage\":\"ko-KR\"}]}<\/script>\n<!-- \/ Yoast SEO plugin. -->","yoast_head_json":{"title":"Datenschutz - LBC Lee Business Consulting | Unternehmensberatung in D\u00fcsseldorf","description":"Ihre Unternehmensberatung in D\u00fcsseldorf hilft Ihrem Betrieb in Sachen Wachstum, Finanzbuchhaltung und Lohnbuchhaltung.","robots":{"index":"index","follow":"follow","max-snippet":"max-snippet:-1","max-image-preview":"max-image-preview:large","max-video-preview":"max-video-preview:-1"},"canonical":"https:\/\/www.lee-bc.de\/ko\/datenschutz\/","og_locale":"ko_KR","og_type":"article","og_title":"Datenschutz - LBC Lee Business Consulting | Unternehmensberatung in D\u00fcsseldorf","og_description":"Ihre Unternehmensberatung in D\u00fcsseldorf hilft Ihrem Betrieb in Sachen Wachstum, Finanzbuchhaltung und Lohnbuchhaltung.","og_url":"https:\/\/www.lee-bc.de\/ko\/datenschutz\/","og_site_name":"LBC Lee Business Consulting | Unternehmensberatung in D\u00fcsseldorf","article_modified_time":"2021-11-26T16:37:37+00:00","twitter_card":"summary_large_image","twitter_misc":{"\uc608\uc0c1 \ub418\ub294 \ud310\ub3c5 \uc2dc\uac04":"4\ubd84"},"schema":{"@context":"https:\/\/schema.org","@graph":[{"@type":"WebPage","@id":"https:\/\/www.lee-bc.de\/ko\/datenschutz\/","url":"https:\/\/www.lee-bc.de\/ko\/datenschutz\/","name":"Datenschutz - LBC Lee Business Consulting | Unternehmensberatung in D\u00fcsseldorf","isPartOf":{"@id":"https:\/\/www.lee-bc.de\/#website"},"datePublished":"2017-03-25T07:59:44+00:00","dateModified":"2021-11-26T16:37:37+00:00","description":"Ihre Unternehmensberatung in D\u00fcsseldorf hilft Ihrem Betrieb in Sachen Wachstum, Finanzbuchhaltung und Lohnbuchhaltung.","breadcrumb":{"@id":"https:\/\/www.lee-bc.de\/ko\/datenschutz\/#breadcrumb"},"inLanguage":"ko-KR","potentialAction":[{"@type":"ReadAction","target":["https:\/\/www.lee-bc.de\/ko\/datenschutz\/"]}]},{"@type":"BreadcrumbList","@id":"https:\/\/www.lee-bc.de\/ko\/datenschutz\/#breadcrumb","itemListElement":[{"@type":"ListItem","position":1,"name":"Home","item":"https:\/\/www.lee-bc.de\/ko\/startseite\/"},{"@type":"ListItem","position":2,"name":"Datenschutz"}]},{"@type":"WebSite","@id":"https:\/\/www.lee-bc.de\/#website","url":"https:\/\/www.lee-bc.de\/","name":"LBC Lee Business Consulting | Unternehmensberatung in D\u00fcsseldorf","description":"","potentialAction":[{"@type":"SearchAction","target":{"@type":"EntryPoint","urlTemplate":"https:\/\/www.lee-bc.de\/?s={search_term_string}"},"query-input":{"@type":"PropertyValueSpecification","valueRequired":true,"valueName":"search_term_string"}}],"inLanguage":"ko-KR"}]}},"_links":{"self":[{"href":"https:\/\/www.lee-bc.de\/ko\/wp-json\/wp\/v2\/pages\/1372","targetHints":{"allow":["GET"]}}],"collection":[{"href":"https:\/\/www.lee-bc.de\/ko\/wp-json\/wp\/v2\/pages"}],"about":[{"href":"https:\/\/www.lee-bc.de\/ko\/wp-json\/wp\/v2\/types\/page"}],"author":[{"embeddable":true,"href":"https:\/\/www.lee-bc.de\/ko\/wp-json\/wp\/v2\/users\/1"}],"replies":[{"embeddable":true,"href":"https:\/\/www.lee-bc.de\/ko\/wp-json\/wp\/v2\/comments?post=1372"}],"version-history":[{"count":2,"href":"https:\/\/www.lee-bc.de\/ko\/wp-json\/wp\/v2\/pages\/1372\/revisions"}],"predecessor-version":[{"id":1599,"href":"https:\/\/www.lee-bc.de\/ko\/wp-json\/wp\/v2\/pages\/1372\/revisions\/1599"}],"wp:attachment":[{"href":"https:\/\/www.lee-bc.de\/ko\/wp-json\/wp\/v2\/media?parent=1372"}],"curies":[{"name":"wp","href":"https:\/\/api.w.org\/{rel}","templated":true}]}}