{"id":1374,"date":"2017-03-25T08:00:10","date_gmt":"2017-03-25T08:00:10","guid":{"rendered":"http:\/\/www.lee-bc.de\/?page_id=1374"},"modified":"2025-04-07T08:51:05","modified_gmt":"2025-04-07T08:51:05","slug":"impressum","status":"publish","type":"page","link":"https:\/\/www.lee-bc.de\/ko\/impressum\/","title":{"rendered":"Impressum"},"content":{"rendered":"<div id='av_section_1'  class='avia-section av-av_section-f3b48af71b91bf2a61ae5e24c0e5ddd8 main_color avia-section-huge avia-no-border-styling  avia-builder-el-0  avia-builder-el-no-sibling  avia-bg-style-scroll container_wrap sidebar_right'  ><div class='container av-section-cont-open' ><main  role=\"main\" itemprop=\"mainContentOfPage\"  class='template-page content  av-content-small alpha units'><div class='post-entry post-entry-type-page post-entry-1374'><div class='entry-content-wrapper clearfix'>\n\n<style type=\"text\/css\" data-created_by=\"avia_inline_auto\" id=\"style-css-av-av_one_full-2533342d0d5edba8d0005ef771cb7c57\">\n#top .flex_column.av-av_one_full-2533342d0d5edba8d0005ef771cb7c57{\nmargin-top:-70px;\nmargin-bottom:0px;\n}\n.flex_column.av-av_one_full-2533342d0d5edba8d0005ef771cb7c57{\nborder-radius:0px 0px 0px 0px;\npadding:0px 0px 0px 0px;\n}\n.responsive #top #wrap_all .flex_column.av-av_one_full-2533342d0d5edba8d0005ef771cb7c57{\nmargin-top:-70px;\nmargin-bottom:0px;\n}\n<\/style>\n<div  class='flex_column av-av_one_full-2533342d0d5edba8d0005ef771cb7c57 av_one_full  avia-builder-el-1  avia-builder-el-no-sibling  first flex_column_div av-animated-generic bottom-to-top av-zero-column-padding  '     ><p>\n<style type=\"text\/css\" data-created_by=\"avia_inline_auto\" id=\"style-css-av-av_heading-fb1ed506bd299495f970fa45708480bb\">\n#top .av-special-heading.av-av_heading-fb1ed506bd299495f970fa45708480bb{\npadding-bottom:25px;\nfont-size:34px;\n}\nbody .av-special-heading.av-av_heading-fb1ed506bd299495f970fa45708480bb .av-special-heading-tag .heading-char{\nfont-size:25px;\n}\n#top #wrap_all .av-special-heading.av-av_heading-fb1ed506bd299495f970fa45708480bb .av-special-heading-tag{\nfont-size:34px;\n}\n.av-special-heading.av-av_heading-fb1ed506bd299495f970fa45708480bb .av-subheading{\nfont-size:15px;\n}\n\n@media only screen and (min-width: 480px) and (max-width: 767px){ \n#top #wrap_all .av-special-heading.av-av_heading-fb1ed506bd299495f970fa45708480bb .av-special-heading-tag{\nfont-size:0.8em;\n}\n}\n\n@media only screen and (max-width: 479px){ \n#top #wrap_all .av-special-heading.av-av_heading-fb1ed506bd299495f970fa45708480bb .av-special-heading-tag{\nfont-size:0.8em;\n}\n}\n<\/style>\n<div  class='av-special-heading av-av_heading-fb1ed506bd299495f970fa45708480bb av-special-heading-h3 custom-color-heading blockquote modern-quote  avia-builder-el-2  el_before_av_textblock  avia-builder-el-first  av-inherit-size'><h3 class='av-special-heading-tag '  itemprop=\"headline\"  >Impressum<\/h3><div class=\"special-heading-border\"><div class=\"special-heading-inner-border\"><\/div><\/div><\/div><br \/>\n<section  class='av_textblock_section av-kw0vhig0-24c39fdc1c3943b89961e17ca793a0ab '   itemscope=\"itemscope\" itemtype=\"https:\/\/schema.org\/CreativeWork\" ><div class='avia_textblock'  itemprop=\"text\" ><p class=\"p1\"><span class=\"s1\">LBC\u00a0<\/span>Lee Business Consulting<br \/>\nInh. Young-Hwan Lee<br \/>\nDerendorfer Allee 6<br \/>\n40476 D\u00fcsseldorf<\/p>\n<p>Telefon: +49 211 \/ 547 615 777<br \/>\nFax: +49 203 \/ 547 615 780<\/p>\n<p>Email:\u00a0<span class=\"s1\"><a href=\"mailto:info@lee-bc.de\">info@lee-bc.de<\/a><\/span><span class=\"s2\">\u00a0<\/span><\/p>\n<p><strong>Haftungshinweis:<\/strong><br \/>\nMit Urteil vom 12. Mai 1998 \u2013 312 O 85\/98 \u2013 \u201eHaftung f\u00fcr Links\u201c hat das Landgericht (LG) Hamburg entschieden, dass man durch die Anbringung eines Links, die Inhalte der gelinkten Seite ggf. mit zu verantworten hat. Dies kann, so das LG, nur dadurch verhindert werden, dass man sich ausdr\u00fccklich von diesen Inhalten distanziert. Hiermit distanzieren wir uns ausdr\u00fccklich sowohl von allen Inhalten von Seiten, zu denen gelinkt wird, als auch von den Inhalten jeglicher angezeigter Banner\/Werbeeinblendungen. Diese Erkl\u00e4rung gilt f\u00fcr alle auf dieser Homepage angebrachten Links, Banner und oder verlinkten seiten.<\/p>\n<p><strong>Haftung f\u00fcr Inhalte<\/strong><\/p>\n<p>Die Inhalte unserer Seiten wurden mit gr\u00f6\u00dfter Sorgfalt erstellt. F\u00fcr die Richtigkeit, Vollst\u00e4ndigkeit und Aktualit\u00e4t der Inhalte k\u00f6nnen wir jedoch keine Gew\u00e4hr \u00fcbernehmen. Als Diensteanbieter sind wir gem\u00e4\u00df \u00a7 7 Abs.1 TMG f\u00fcr eigene Inhalte auf diesen Seiten nach den allgemeinen Gesetzen verantwortlich. Nach \u00a7\u00a7 8 bis 10 TMG sind wir als Diensteanbieter jedoch nicht verpflichtet, \u00fcbermittelte oder gespeicherte fremde Informationen zu \u00fcberwachen oder nach Umst\u00e4nden zu forschen, die auf eine rechtswidrige T\u00e4tigkeit hinweisen. Verpflichtungen zur Entfernung oder Sperrung der Nutzung von Informationen nach den allgemeinen Gesetzen bleiben hiervon unber\u00fchrt. Eine diesbez\u00fcgliche Haftung ist jedoch erst ab dem Zeitpunkt der Kenntnis einer konkreten Rechtsverletzung m\u00f6glich. Bei Bekanntwerden von entsprechenden Rechtsverletzungen werden wir diese Inhalte umgehend entfernen.<\/p>\n<p><strong> Haftung f\u00fcr Links<\/strong><\/p>\n<p>Unser Angebot enth\u00e4lt Links zu externen Webseiten Dritter, auf deren Inhalte wir keinen Einfluss haben. Deshalb k\u00f6nnen wir f\u00fcr diese fremden Inhalte auch keine Gew\u00e4hr \u00fcbernehmen. F\u00fcr die Inhalte der verlinkten Seiten ist stets der jeweilige Anbieter oder Betreiber der Seiten verantwortlich. Die verlinkten Seiten wurden zum Zeitpunkt der Verlinkung auf m\u00f6gliche Rechtsverst\u00f6\u00dfe \u00fcberpr\u00fcft. Rechtswidrige Inhalte waren zum Zeitpunkt der Verlinkung nicht erkennbar. Eine permanente inhaltliche Kontrolle der verlinkten Seiten ist jedoch ohne konkrete Anhaltspunkte einer Rechtsverletzung nicht zumutbar. Bei Bekanntwerden von Rechtsverletzungen werden wir derartige Links umgehend entfernen.<\/p>\n<p><strong> Urheberrecht<\/strong><\/p>\n<p>Die durch die Seitenbetreiber erstellten Inhalte und Werke auf diesen Seiten unterliegen dem deutschen Urheberrecht. Die Vervielf\u00e4ltigung, Bearbeitung, Verbreitung und jede Art der Verwertung au\u00dferhalb der Grenzen des Urheberrechtes bed\u00fcrfen der schriftlichen Zustimmung des jeweiligen Autors bzw. Erstellers. Downloads und Kopien dieser Seite sind nur f\u00fcr den privaten, nicht kommerziellen Gebrauch gestattet. Soweit die Inhalte auf dieser Seite nicht vom Betreiber erstellt wurden, werden die Urheberrechte Dritter beachtet. Insbesondere werden Inhalte Dritter als solche gekennzeichnet. Sollten Sie trotzdem auf eine Urheberrechtsverletzung aufmerksam werden, bitten wir um einen entsprechenden Hinweis. Bei Bekanntwerden von Rechtsverletzungen werden wir derartige Inhalte umgehend entfernen.<\/p>\n<p><strong> Datenschutz<\/strong><\/p>\n<p>Die Nutzung unserer Webseite ist in der Regel ohne Angabe personenbezogener Daten m\u00f6glich. Soweit auf unseren Seiten personenbezogene Daten (beispielsweise Name, Anschrift oder eMail-Adressen) erhoben werden, erfolgt dies, soweit m\u00f6glich, stets auf freiwilliger Basis. Diese Daten werden ohne Ihre ausdr\u00fcckliche Zustimmung nicht an Dritte weitergegeben.<\/p>\n<p>Wir weisen darauf hin, dass die Daten\u00fcbertragung im Internet (z.B. bei der Kommunikation per E-Mail) Sicherheitsl\u00fccken aufweisen kann. Ein l\u00fcckenloser Schutz der Daten vor dem Zugriff durch Dritte ist nicht m\u00f6glich.<\/p>\n<p>Der Nutzung von im Rahmen der Impressumspflicht ver\u00f6ffentlichten Kontaktdaten durch Dritte zur \u00dcbersendung von nicht ausdr\u00fccklich angeforderter Werbung und Informationsmaterialien wird hiermit ausdr\u00fccklich widersprochen. Die Betreiber der Seiten behalten sich ausdr\u00fccklich rechtliche Schritte im Falle der unverlangten Zusendung von Werbeinformationen, etwa durch Spam-Mails, vor.<\/p>\n<p><em>Quellverweis: <a href=\"http:\/\/www.e-recht24.de\/muster-disclaimer.htm\" target=\"_blank\" rel=\"noopener\">eRecht24 Disclaimer<\/a><\/em><\/p>\n<\/div><\/section><\/p><\/div><\/div><\/div><\/main><!-- close content main element --><\/div><\/div><div id='after_section_1'  class='main_color av_default_container_wrap container_wrap sidebar_right'  ><div class='container av-section-cont-open' ><div class='template-page content  av-content-small alpha units'><div class='post-entry post-entry-type-page post-entry-1374'><div class='entry-content-wrapper clearfix'>\n","protected":false},"excerpt":{"rendered":"","protected":false},"author":1,"featured_media":0,"parent":0,"menu_order":0,"comment_status":"closed","ping_status":"closed","template":"","meta":{"footnotes":""},"class_list":["post-1374","page","type-page","status-publish","hentry"],"yoast_head":"<!-- This site is optimized with the Yoast SEO plugin v25.0 - https:\/\/yoast.com\/wordpress\/plugins\/seo\/ -->\n<title>Impressum - LBC Lee Business Consulting | Unternehmensberatung in D\u00fcsseldorf<\/title>\n<meta name=\"description\" content=\"Ihre Unternehmensberatung in D\u00fcsseldorf hilft Ihrem Betrieb in Sachen Wachstum, Finanzbuchhaltung und Lohnbuchhaltung. Telefon: +49 211 547 615 777\" \/>\n<meta name=\"robots\" content=\"index, follow, max-snippet:-1, max-image-preview:large, max-video-preview:-1\" \/>\n<link rel=\"canonical\" href=\"https:\/\/www.lee-bc.de\/ko\/impressum\/\" \/>\n<meta property=\"og:locale\" content=\"ko_KR\" \/>\n<meta property=\"og:type\" content=\"article\" \/>\n<meta property=\"og:title\" content=\"Impressum - LBC Lee Business Consulting | Unternehmensberatung in D\u00fcsseldorf\" \/>\n<meta property=\"og:description\" content=\"Ihre Unternehmensberatung in D\u00fcsseldorf hilft Ihrem Betrieb in Sachen Wachstum, Finanzbuchhaltung und Lohnbuchhaltung. Telefon: +49 211 547 615 777\" \/>\n<meta property=\"og:url\" content=\"https:\/\/www.lee-bc.de\/ko\/impressum\/\" \/>\n<meta property=\"og:site_name\" content=\"LBC Lee Business Consulting | Unternehmensberatung in D\u00fcsseldorf\" \/>\n<meta property=\"article:modified_time\" content=\"2025-04-07T08:51:05+00:00\" \/>\n<meta name=\"twitter:card\" content=\"summary_large_image\" \/>\n<meta name=\"twitter:label1\" content=\"\uc608\uc0c1 \ub418\ub294 \ud310\ub3c5 \uc2dc\uac04\" \/>\n\t<meta name=\"twitter:data1\" content=\"4\ubd84\" \/>\n<script type=\"application\/ld+json\" class=\"yoast-schema-graph\">{\"@context\":\"https:\/\/schema.org\",\"@graph\":[{\"@type\":\"WebPage\",\"@id\":\"https:\/\/www.lee-bc.de\/ko\/impressum\/\",\"url\":\"https:\/\/www.lee-bc.de\/ko\/impressum\/\",\"name\":\"Impressum - LBC Lee Business Consulting | Unternehmensberatung in D\u00fcsseldorf\",\"isPartOf\":{\"@id\":\"https:\/\/www.lee-bc.de\/#website\"},\"datePublished\":\"2017-03-25T08:00:10+00:00\",\"dateModified\":\"2025-04-07T08:51:05+00:00\",\"description\":\"Ihre Unternehmensberatung in D\u00fcsseldorf hilft Ihrem Betrieb in Sachen Wachstum, Finanzbuchhaltung und Lohnbuchhaltung. Telefon: +49 211 547 615 777\",\"breadcrumb\":{\"@id\":\"https:\/\/www.lee-bc.de\/ko\/impressum\/#breadcrumb\"},\"inLanguage\":\"ko-KR\",\"potentialAction\":[{\"@type\":\"ReadAction\",\"target\":[\"https:\/\/www.lee-bc.de\/ko\/impressum\/\"]}]},{\"@type\":\"BreadcrumbList\",\"@id\":\"https:\/\/www.lee-bc.de\/ko\/impressum\/#breadcrumb\",\"itemListElement\":[{\"@type\":\"ListItem\",\"position\":1,\"name\":\"Home\",\"item\":\"https:\/\/www.lee-bc.de\/ko\/startseite\/\"},{\"@type\":\"ListItem\",\"position\":2,\"name\":\"Impressum\"}]},{\"@type\":\"WebSite\",\"@id\":\"https:\/\/www.lee-bc.de\/#website\",\"url\":\"https:\/\/www.lee-bc.de\/\",\"name\":\"LBC Lee Business Consulting | Unternehmensberatung in D\u00fcsseldorf\",\"description\":\"\",\"potentialAction\":[{\"@type\":\"SearchAction\",\"target\":{\"@type\":\"EntryPoint\",\"urlTemplate\":\"https:\/\/www.lee-bc.de\/?s={search_term_string}\"},\"query-input\":{\"@type\":\"PropertyValueSpecification\",\"valueRequired\":true,\"valueName\":\"search_term_string\"}}],\"inLanguage\":\"ko-KR\"}]}<\/script>\n<!-- \/ Yoast SEO plugin. -->","yoast_head_json":{"title":"Impressum - LBC Lee Business Consulting | Unternehmensberatung in D\u00fcsseldorf","description":"Ihre Unternehmensberatung in D\u00fcsseldorf hilft Ihrem Betrieb in Sachen Wachstum, Finanzbuchhaltung und Lohnbuchhaltung. Telefon: +49 211 547 615 777","robots":{"index":"index","follow":"follow","max-snippet":"max-snippet:-1","max-image-preview":"max-image-preview:large","max-video-preview":"max-video-preview:-1"},"canonical":"https:\/\/www.lee-bc.de\/ko\/impressum\/","og_locale":"ko_KR","og_type":"article","og_title":"Impressum - LBC Lee Business Consulting | Unternehmensberatung in D\u00fcsseldorf","og_description":"Ihre Unternehmensberatung in D\u00fcsseldorf hilft Ihrem Betrieb in Sachen Wachstum, Finanzbuchhaltung und Lohnbuchhaltung. Telefon: +49 211 547 615 777","og_url":"https:\/\/www.lee-bc.de\/ko\/impressum\/","og_site_name":"LBC Lee Business Consulting | Unternehmensberatung in D\u00fcsseldorf","article_modified_time":"2025-04-07T08:51:05+00:00","twitter_card":"summary_large_image","twitter_misc":{"\uc608\uc0c1 \ub418\ub294 \ud310\ub3c5 \uc2dc\uac04":"4\ubd84"},"schema":{"@context":"https:\/\/schema.org","@graph":[{"@type":"WebPage","@id":"https:\/\/www.lee-bc.de\/ko\/impressum\/","url":"https:\/\/www.lee-bc.de\/ko\/impressum\/","name":"Impressum - LBC Lee Business Consulting | Unternehmensberatung in D\u00fcsseldorf","isPartOf":{"@id":"https:\/\/www.lee-bc.de\/#website"},"datePublished":"2017-03-25T08:00:10+00:00","dateModified":"2025-04-07T08:51:05+00:00","description":"Ihre Unternehmensberatung in D\u00fcsseldorf hilft Ihrem Betrieb in Sachen Wachstum, Finanzbuchhaltung und Lohnbuchhaltung. Telefon: +49 211 547 615 777","breadcrumb":{"@id":"https:\/\/www.lee-bc.de\/ko\/impressum\/#breadcrumb"},"inLanguage":"ko-KR","potentialAction":[{"@type":"ReadAction","target":["https:\/\/www.lee-bc.de\/ko\/impressum\/"]}]},{"@type":"BreadcrumbList","@id":"https:\/\/www.lee-bc.de\/ko\/impressum\/#breadcrumb","itemListElement":[{"@type":"ListItem","position":1,"name":"Home","item":"https:\/\/www.lee-bc.de\/ko\/startseite\/"},{"@type":"ListItem","position":2,"name":"Impressum"}]},{"@type":"WebSite","@id":"https:\/\/www.lee-bc.de\/#website","url":"https:\/\/www.lee-bc.de\/","name":"LBC Lee Business Consulting | Unternehmensberatung in D\u00fcsseldorf","description":"","potentialAction":[{"@type":"SearchAction","target":{"@type":"EntryPoint","urlTemplate":"https:\/\/www.lee-bc.de\/?s={search_term_string}"},"query-input":{"@type":"PropertyValueSpecification","valueRequired":true,"valueName":"search_term_string"}}],"inLanguage":"ko-KR"}]}},"_links":{"self":[{"href":"https:\/\/www.lee-bc.de\/ko\/wp-json\/wp\/v2\/pages\/1374","targetHints":{"allow":["GET"]}}],"collection":[{"href":"https:\/\/www.lee-bc.de\/ko\/wp-json\/wp\/v2\/pages"}],"about":[{"href":"https:\/\/www.lee-bc.de\/ko\/wp-json\/wp\/v2\/types\/page"}],"author":[{"embeddable":true,"href":"https:\/\/www.lee-bc.de\/ko\/wp-json\/wp\/v2\/users\/1"}],"replies":[{"embeddable":true,"href":"https:\/\/www.lee-bc.de\/ko\/wp-json\/wp\/v2\/comments?post=1374"}],"version-history":[{"count":7,"href":"https:\/\/www.lee-bc.de\/ko\/wp-json\/wp\/v2\/pages\/1374\/revisions"}],"predecessor-version":[{"id":1568,"href":"https:\/\/www.lee-bc.de\/ko\/wp-json\/wp\/v2\/pages\/1374\/revisions\/1568"}],"wp:attachment":[{"href":"https:\/\/www.lee-bc.de\/ko\/wp-json\/wp\/v2\/media?parent=1374"}],"curies":[{"name":"wp","href":"https:\/\/api.w.org\/{rel}","templated":true}]}}