{"id":1510,"date":"2021-11-26T16:41:43","date_gmt":"2021-11-26T16:41:43","guid":{"rendered":"https:\/\/www.lee-bc.de\/?page_id=1510"},"modified":"2021-11-26T16:41:44","modified_gmt":"2021-11-26T16:41:44","slug":"%ea%b8%89%ec%97%ac-%ed%9a%8c%ea%b3%84","status":"publish","type":"page","link":"https:\/\/www.lee-bc.de\/ko\/%ea%b8%89%ec%97%ac-%ed%9a%8c%ea%b3%84\/","title":{"rendered":"\uae09\uc5ec \ud68c\uacc4 (Lohnbuchhaltung)"},"content":{"rendered":"<div id='av-layout-grid-1'  class='av-layout-grid-container av-av_layout_row-fa6392a288911b61833a9dc28dfc9842 entry-content-wrapper main_color av-flex-cells  avia-builder-el-0  el_before_av_section  avia-builder-el-first   container_wrap sidebar_right'  >\n\n<style type=\"text\/css\" data-created_by=\"avia_inline_auto\" id=\"style-css-av-av_cell_one_half-c76fa5ba85d4e17e5758ffa585b1767b\">\n.flex_cell.av-av_cell_one_half-c76fa5ba85d4e17e5758ffa585b1767b{\nvertical-align:middle;\nheight:400px;\nmin-height:400px;\nbackground:url(https:\/\/www.lee-bc.de\/wp-content\/uploads\/2017\/03\/rechnen.jpg) 0% 0% no-repeat scroll #22689e;\n}\n.responsive #top #wrap_all .flex_cell.av-av_cell_one_half-c76fa5ba85d4e17e5758ffa585b1767b{\npadding:0px 0px 0px 0px !important;\n}\n<\/style>\n<div class='flex_cell av-av_cell_one_half-c76fa5ba85d4e17e5758ffa585b1767b av-gridrow-cell av_one_half no_margin  avia-builder-el-1  el_before_av_cell_one_half  avia-builder-el-first  content-align-middle av-zero-padding avia-full-stretch'  ><div class='flex_cell_inner'><\/div><\/div>\n<style type=\"text\/css\" data-created_by=\"avia_inline_auto\" id=\"style-css-av-av_cell_one_half-9df2fa14b3919302d9a8c847f177d4a1\">\n.flex_cell.av-av_cell_one_half-9df2fa14b3919302d9a8c847f177d4a1{\nvertical-align:middle;\nheight:400px;\nmin-height:400px;\nbackground-color:#6a6a6a;\n}\n.responsive #top #wrap_all .flex_cell.av-av_cell_one_half-9df2fa14b3919302d9a8c847f177d4a1{\npadding:80px 80px 80px 80px !important;\n}\n<\/style>\n<div class='flex_cell av-av_cell_one_half-9df2fa14b3919302d9a8c847f177d4a1 av-gridrow-cell av_one_half no_margin  avia-builder-el-2  el_after_av_cell_one_half  avia-builder-el-last  content-align-middle'  ><div class='flex_cell_inner'><p>\n<style type=\"text\/css\" data-created_by=\"avia_inline_auto\" id=\"style-css-av-av_heading-0f4894bf435886bde09493b5fa596d39\">\n#top .av-special-heading.av-av_heading-0f4894bf435886bde09493b5fa596d39{\npadding-bottom:25px;\ncolor:#ffffff;\nfont-size:34px;\n}\nbody .av-special-heading.av-av_heading-0f4894bf435886bde09493b5fa596d39 .av-special-heading-tag .heading-char{\nfont-size:25px;\n}\n#top #wrap_all .av-special-heading.av-av_heading-0f4894bf435886bde09493b5fa596d39 .av-special-heading-tag{\nfont-size:34px;\n}\n.av-special-heading.av-av_heading-0f4894bf435886bde09493b5fa596d39 .special-heading-inner-border{\nborder-color:#ffffff;\n}\n.av-special-heading.av-av_heading-0f4894bf435886bde09493b5fa596d39 .av-subheading{\nfont-size:15px;\n}\n\n@media only screen and (min-width: 480px) and (max-width: 767px){ \n#top #wrap_all .av-special-heading.av-av_heading-0f4894bf435886bde09493b5fa596d39 .av-special-heading-tag{\nfont-size:0.8em;\n}\n}\n\n@media only screen and (max-width: 479px){ \n#top #wrap_all .av-special-heading.av-av_heading-0f4894bf435886bde09493b5fa596d39 .av-special-heading-tag{\nfont-size:0.8em;\n}\n}\n<\/style>\n<div  class='av-special-heading av-av_heading-0f4894bf435886bde09493b5fa596d39 av-special-heading-h3 custom-color-heading blockquote modern-quote  avia-builder-el-3  el_before_av_textblock  avia-builder-el-first  av-inherit-size'><h3 class='av-special-heading-tag '  itemprop=\"headline\"  >\uae09\uc5ec \ud68c\uacc4<\/h3><div class=\"special-heading-border\"><div class=\"special-heading-inner-border\"><\/div><\/div><\/div><br \/>\n\n<style type=\"text\/css\" data-created_by=\"avia_inline_auto\" id=\"style-css-av-av_textblock-0495ba487d93331d0a255e1072a23468\">\n#top .av_textblock_section.av-av_textblock-0495ba487d93331d0a255e1072a23468 .avia_textblock{\ncolor:#ffffff;\n}\n<\/style>\n<section  class='av_textblock_section av-av_textblock-0495ba487d93331d0a255e1072a23468 '   itemscope=\"itemscope\" itemtype=\"https:\/\/schema.org\/CreativeWork\" ><div class='avia_textblock av_inherit_color'  itemprop=\"text\" ><p>\uc9c1\uc6d0 \ucc44\uc6a9\uacfc \uad00\ub828\ub41c \uad00\ub8cc\uc81c\ub300\ud574\ub294 \uac71\uc815 \uc548\ud558\uc154\ub3c4 \ub429\ub2c8\ub2e4. \uc6b0\ub9ac\ub294 \ubaa8\ub4e0 \ud68c\uacc4\uc801\uc778 \uce21\uba74\uc744 \ucc98\ub9ac\ud569\ub2c8\ub2e4.<\/p>\n<\/div><\/section><\/p>\n<\/div><\/div><\/div><div id='av_section_1'  class='avia-section av-av_section-f3b48af71b91bf2a61ae5e24c0e5ddd8 main_color avia-section-huge avia-no-border-styling  avia-builder-el-5  el_after_av_layout_row  avia-builder-el-last  avia-bg-style-scroll container_wrap sidebar_right'  ><div class='container av-section-cont-open' ><div class='template-page content  av-content-small alpha units'><div class='post-entry post-entry-type-page post-entry-1510'><div class='entry-content-wrapper clearfix'>\n\n<style type=\"text\/css\" data-created_by=\"avia_inline_auto\" id=\"style-css-av-av_one_half-d71a51a707c4656b37c9afbbd6138215\">\n.flex_column.av-av_one_half-d71a51a707c4656b37c9afbbd6138215{\nborder-radius:0px 0px 0px 0px;\npadding:0px 0px 0px 0px;\n}\n<\/style>\n<div  class='flex_column av-av_one_half-d71a51a707c4656b37c9afbbd6138215 av_one_half  avia-builder-el-6  el_before_av_one_half  avia-builder-el-first  first flex_column_div av-animated-generic bottom-to-top av-zero-column-padding  '     ><p>\n<style type=\"text\/css\" data-created_by=\"avia_inline_auto\" id=\"style-css-av-av_heading-05999018a3f0a15977f7d3396fcd1e2d\">\n#top .av-special-heading.av-av_heading-05999018a3f0a15977f7d3396fcd1e2d{\npadding-bottom:20px;\nfont-size:34px;\n}\nbody .av-special-heading.av-av_heading-05999018a3f0a15977f7d3396fcd1e2d .av-special-heading-tag .heading-char{\nfont-size:25px;\n}\n#top #wrap_all .av-special-heading.av-av_heading-05999018a3f0a15977f7d3396fcd1e2d .av-special-heading-tag{\nfont-size:34px;\n}\n.av-special-heading.av-av_heading-05999018a3f0a15977f7d3396fcd1e2d .av-subheading{\nfont-size:15px;\n}\n\n@media only screen and (min-width: 480px) and (max-width: 767px){ \n#top #wrap_all .av-special-heading.av-av_heading-05999018a3f0a15977f7d3396fcd1e2d .av-special-heading-tag{\nfont-size:0.8em;\n}\n}\n\n@media only screen and (max-width: 479px){ \n#top #wrap_all .av-special-heading.av-av_heading-05999018a3f0a15977f7d3396fcd1e2d .av-special-heading-tag{\nfont-size:0.8em;\n}\n}\n<\/style>\n<div  class='av-special-heading av-av_heading-05999018a3f0a15977f7d3396fcd1e2d av-special-heading-h3 blockquote modern-quote  avia-builder-el-7  el_before_av_textblock  avia-builder-el-first  av-inherit-size'><div class='av-subheading av-subheading_above'><p>\uc6b0\ub9ac\uc758 \uc11c\ube44\uc2a4<\/p>\n<\/div><h3 class='av-special-heading-tag '  itemprop=\"headline\"  >\uadc0\ud558\uc758 \uc9c1\uc6d0\uc704\ud55c \uc774\uc775<\/h3><div class=\"special-heading-border\"><div class=\"special-heading-inner-border\"><\/div><\/div><\/div><br \/>\n<section  class='av_textblock_section av-av_textblock-0366cc7376be6c9e82a3e9cc8987b64f '   itemscope=\"itemscope\" itemtype=\"https:\/\/schema.org\/CreativeWork\" ><div class='avia_textblock'  itemprop=\"text\" ><ul>\n<li>\uc885\ud569\uc790\ub8cc \ub4f1\ub85d<\/li>\n<li>\uc9c4\ud589 \uc911\uc778 \uae09\uc5ec \ud68c\uacc4 \uc791\uc131<\/li>\n<li>\uac74\uac15 \ubcf4\ud5d8 \ubcf4\uace0<\/li>\n<li>\uc18c\ub4dd\uc138 \uc2e0\uace0\uc11c \uc1a1\ub2ec<\/li>\n<li>\ubd88\uc785\uba85\uc138\uc11c \uc804\uc790 \uc1a1\ub2ec<\/li>\n<li>\uc9c1\uc6d0 \ub4f1\ub85d \ubc0f \ud1f4\uac70 \uc2e0\uace0<\/li>\n<\/ul>\n<\/div><\/section><\/p><\/div>\n<style type=\"text\/css\" data-created_by=\"avia_inline_auto\" id=\"style-css-av-av_one_half-93bea18e2ccb60552a17080633244dec\">\n.flex_column.av-av_one_half-93bea18e2ccb60552a17080633244dec{\nborder-radius:0px 0px 0px 0px;\npadding:0px 0px 0px 0px;\n}\n<\/style>\n<div  class='flex_column av-av_one_half-93bea18e2ccb60552a17080633244dec av_one_half  avia-builder-el-9  el_after_av_one_half  avia-builder-el-last  flex_column_div av-animated-generic bottom-to-top av-zero-column-padding  '     ><p>\n<style type=\"text\/css\" data-created_by=\"avia_inline_auto\" id=\"style-css-av-av_heading-eb13f4038d563ba913070fe660ac42cb\">\n#top .av-special-heading.av-av_heading-eb13f4038d563ba913070fe660ac42cb{\npadding-bottom:20px;\nfont-size:34px;\n}\nbody .av-special-heading.av-av_heading-eb13f4038d563ba913070fe660ac42cb .av-special-heading-tag .heading-char{\nfont-size:25px;\n}\n#top #wrap_all .av-special-heading.av-av_heading-eb13f4038d563ba913070fe660ac42cb .av-special-heading-tag{\nfont-size:34px;\n}\n.av-special-heading.av-av_heading-eb13f4038d563ba913070fe660ac42cb .av-subheading{\nfont-size:15px;\n}\n\n@media only screen and (min-width: 480px) and (max-width: 767px){ \n#top #wrap_all .av-special-heading.av-av_heading-eb13f4038d563ba913070fe660ac42cb .av-special-heading-tag{\nfont-size:0.8em;\n}\n}\n\n@media only screen and (max-width: 479px){ \n#top #wrap_all .av-special-heading.av-av_heading-eb13f4038d563ba913070fe660ac42cb .av-special-heading-tag{\nfont-size:0.8em;\n}\n}\n<\/style>\n<div  class='av-special-heading av-av_heading-eb13f4038d563ba913070fe660ac42cb av-special-heading-h3 blockquote modern-quote  avia-builder-el-10  el_before_av_textblock  avia-builder-el-first  av-inherit-size'><div class='av-subheading av-subheading_above'><p>\uc6d4\uae09\uacfc \uae09\ub8cc\ub97c \ud1b5\uc81c\ud569\ub2c8\ub2e4<\/p>\n<\/div><h3 class='av-special-heading-tag '  itemprop=\"headline\"  >\uadc0\ud558\uc758 \ud68c\uc0ac \uc704\ud55c \uae09\uc5ec \ud68c\uacc4<\/h3><div class=\"special-heading-border\"><div class=\"special-heading-inner-border\"><\/div><\/div><\/div><br \/>\n<section  class='av_textblock_section av-av_textblock-0366cc7376be6c9e82a3e9cc8987b64f '   itemscope=\"itemscope\" itemtype=\"https:\/\/schema.org\/CreativeWork\" ><div class='avia_textblock'  itemprop=\"text\" ><p>\uc9c1\uc6d0\uc740 \ud68c\uc0ac\uc758 \uc911\uc694\ud55c \uc77c\ubd80 \uc774\uba70 &#8211; \uad00\ub8cc\uc8fc\uc758\uc758 \uc18c\ube44\ub294 \uc791\uc740 \uae30\uc5c5\uccb4\uc640 \ud070 \ud68c\uc0ac\uc5d0\uac8c \ub9c8\ucc2c\uac00\uc9c0 \uc5c4\ucc3d\ub0a9\ub2c8\ub2e4. \uc774\ub7ec\ud55c \uacfc\uc815\uc744 \uc704\ud0c1\ud558\uba70 \uc2dc\uac04\uc744 \uc804\ub7b5\ud558\uc138\uc694.<\/p>\n<p>\uc6b0\ub9ac\ub294 \ubaa8\ub4e0 \uae09\uc5ec \ud68c\uacc4, \uae09\uc5ec \uacc4\uc815 \ubc0f \uadfc\ub85c \uc18c\ub4dd\uc138 \ubb38\uc81c \uce21\uba74\ub4e4\uc744 \ucc98\ub9ac\ud569\ub2c8\ub2e4. \ubbf8\ub2c8\uc7a1, 450 \uc720\ub85c \uae30\ucd08, \uc544\ub974\ubc14\uc774\ud2b8 \ub610\ub294 \uc804\uae30\uac04 \uadfc\ubb34 \uad00\ud55c \ub2e4\uc591\ud55c \uc9c1\ubb34\ud615 \uc784\uae08\uccb4\uacc4 \ub300\ud574 \uc870\uc5b8\ud569\ub2c8\ub2e4.<\/p>\n<p>\ubb38\uc758 \ud558\uc2dc\uac70\ub098 \ub2e4\uc591\ud55c \uc11c\ube44\uc2a4\uc640 \uc0c1\ub2f4\uc11c\ube44\uc2a4 \ub300\ud574 \uc54c\uc544\ubcf4\uc138\uc694<\/p>\n<\/div><\/section><\/p><\/div>\n<\/div><\/div><\/div><!-- close content main div --><\/div><\/div><div id='after_section_1'  class='main_color av_default_container_wrap container_wrap sidebar_right'  ><div class='container av-section-cont-open' ><div class='template-page content  av-content-small alpha units'><div class='post-entry post-entry-type-page post-entry-1510'><div class='entry-content-wrapper clearfix'><\/p>\n","protected":false},"excerpt":{"rendered":"","protected":false},"author":2,"featured_media":0,"parent":0,"menu_order":0,"comment_status":"closed","ping_status":"closed","template":"","meta":{"footnotes":""},"class_list":["post-1510","page","type-page","status-publish","hentry"],"yoast_head":"<!-- This site is optimized with the Yoast SEO plugin v25.0 - https:\/\/yoast.com\/wordpress\/plugins\/seo\/ -->\n<title>Lohnbuchhaltung D\u00fcsseldorf bei der Unternehmensberatung LBC<\/title>\n<meta name=\"description\" content=\"Lohnbuchhaltung Service in D\u00fcsseldorf - Unternehmensberatung LBC unterst\u00fctzt Sie bei der Lohnabrechnung und Lohnbuchhaltung f\u00fcr Arbeitgeber.\" \/>\n<meta name=\"robots\" content=\"index, follow, max-snippet:-1, max-image-preview:large, max-video-preview:-1\" \/>\n<link rel=\"canonical\" href=\"https:\/\/www.lee-bc.de\/ko\/\uae09\uc5ec-\ud68c\uacc4\/\" \/>\n<meta property=\"og:locale\" content=\"ko_KR\" \/>\n<meta property=\"og:type\" content=\"article\" \/>\n<meta property=\"og:title\" content=\"Lohnbuchhaltung D\u00fcsseldorf bei der Unternehmensberatung LBC\" \/>\n<meta property=\"og:description\" content=\"Lohnbuchhaltung Service in D\u00fcsseldorf - Unternehmensberatung LBC unterst\u00fctzt Sie bei der Lohnabrechnung und Lohnbuchhaltung f\u00fcr Arbeitgeber.\" \/>\n<meta property=\"og:url\" content=\"https:\/\/www.lee-bc.de\/ko\/\uae09\uc5ec-\ud68c\uacc4\/\" \/>\n<meta property=\"og:site_name\" content=\"LBC Lee Business Consulting | Unternehmensberatung in D\u00fcsseldorf\" \/>\n<meta property=\"article:modified_time\" content=\"2021-11-26T16:41:44+00:00\" \/>\n<meta name=\"twitter:card\" content=\"summary_large_image\" \/>\n<meta name=\"twitter:label1\" content=\"\uc608\uc0c1 \ub418\ub294 \ud310\ub3c5 \uc2dc\uac04\" \/>\n\t<meta name=\"twitter:data1\" content=\"2\ubd84\" \/>\n<script type=\"application\/ld+json\" class=\"yoast-schema-graph\">{\"@context\":\"https:\/\/schema.org\",\"@graph\":[{\"@type\":\"WebPage\",\"@id\":\"https:\/\/www.lee-bc.de\/ko\/%ea%b8%89%ec%97%ac-%ed%9a%8c%ea%b3%84\/\",\"url\":\"https:\/\/www.lee-bc.de\/ko\/%ea%b8%89%ec%97%ac-%ed%9a%8c%ea%b3%84\/\",\"name\":\"Lohnbuchhaltung D\u00fcsseldorf bei der Unternehmensberatung LBC\",\"isPartOf\":{\"@id\":\"https:\/\/www.lee-bc.de\/#website\"},\"datePublished\":\"2021-11-26T16:41:43+00:00\",\"dateModified\":\"2021-11-26T16:41:44+00:00\",\"description\":\"Lohnbuchhaltung Service in D\u00fcsseldorf - Unternehmensberatung LBC unterst\u00fctzt Sie bei der Lohnabrechnung und Lohnbuchhaltung f\u00fcr Arbeitgeber.\",\"breadcrumb\":{\"@id\":\"https:\/\/www.lee-bc.de\/ko\/%ea%b8%89%ec%97%ac-%ed%9a%8c%ea%b3%84\/#breadcrumb\"},\"inLanguage\":\"ko-KR\",\"potentialAction\":[{\"@type\":\"ReadAction\",\"target\":[\"https:\/\/www.lee-bc.de\/ko\/%ea%b8%89%ec%97%ac-%ed%9a%8c%ea%b3%84\/\"]}]},{\"@type\":\"BreadcrumbList\",\"@id\":\"https:\/\/www.lee-bc.de\/ko\/%ea%b8%89%ec%97%ac-%ed%9a%8c%ea%b3%84\/#breadcrumb\",\"itemListElement\":[{\"@type\":\"ListItem\",\"position\":1,\"name\":\"Home\",\"item\":\"https:\/\/www.lee-bc.de\/ko\/startseite\/\"},{\"@type\":\"ListItem\",\"position\":2,\"name\":\"\uae09\uc5ec \ud68c\uacc4 (Lohnbuchhaltung)\"}]},{\"@type\":\"WebSite\",\"@id\":\"https:\/\/www.lee-bc.de\/#website\",\"url\":\"https:\/\/www.lee-bc.de\/\",\"name\":\"LBC Lee Business Consulting | Unternehmensberatung in D\u00fcsseldorf\",\"description\":\"\",\"potentialAction\":[{\"@type\":\"SearchAction\",\"target\":{\"@type\":\"EntryPoint\",\"urlTemplate\":\"https:\/\/www.lee-bc.de\/?s={search_term_string}\"},\"query-input\":{\"@type\":\"PropertyValueSpecification\",\"valueRequired\":true,\"valueName\":\"search_term_string\"}}],\"inLanguage\":\"ko-KR\"}]}<\/script>\n<!-- \/ Yoast SEO plugin. -->","yoast_head_json":{"title":"Lohnbuchhaltung D\u00fcsseldorf bei der Unternehmensberatung LBC","description":"Lohnbuchhaltung Service in D\u00fcsseldorf - Unternehmensberatung LBC unterst\u00fctzt Sie bei der Lohnabrechnung und Lohnbuchhaltung f\u00fcr Arbeitgeber.","robots":{"index":"index","follow":"follow","max-snippet":"max-snippet:-1","max-image-preview":"max-image-preview:large","max-video-preview":"max-video-preview:-1"},"canonical":"https:\/\/www.lee-bc.de\/ko\/\uae09\uc5ec-\ud68c\uacc4\/","og_locale":"ko_KR","og_type":"article","og_title":"Lohnbuchhaltung D\u00fcsseldorf bei der Unternehmensberatung LBC","og_description":"Lohnbuchhaltung Service in D\u00fcsseldorf - Unternehmensberatung LBC unterst\u00fctzt Sie bei der Lohnabrechnung und Lohnbuchhaltung f\u00fcr Arbeitgeber.","og_url":"https:\/\/www.lee-bc.de\/ko\/\uae09\uc5ec-\ud68c\uacc4\/","og_site_name":"LBC Lee Business Consulting | Unternehmensberatung in D\u00fcsseldorf","article_modified_time":"2021-11-26T16:41:44+00:00","twitter_card":"summary_large_image","twitter_misc":{"\uc608\uc0c1 \ub418\ub294 \ud310\ub3c5 \uc2dc\uac04":"2\ubd84"},"schema":{"@context":"https:\/\/schema.org","@graph":[{"@type":"WebPage","@id":"https:\/\/www.lee-bc.de\/ko\/%ea%b8%89%ec%97%ac-%ed%9a%8c%ea%b3%84\/","url":"https:\/\/www.lee-bc.de\/ko\/%ea%b8%89%ec%97%ac-%ed%9a%8c%ea%b3%84\/","name":"Lohnbuchhaltung D\u00fcsseldorf bei der Unternehmensberatung LBC","isPartOf":{"@id":"https:\/\/www.lee-bc.de\/#website"},"datePublished":"2021-11-26T16:41:43+00:00","dateModified":"2021-11-26T16:41:44+00:00","description":"Lohnbuchhaltung Service in D\u00fcsseldorf - Unternehmensberatung LBC unterst\u00fctzt Sie bei der Lohnabrechnung und Lohnbuchhaltung f\u00fcr Arbeitgeber.","breadcrumb":{"@id":"https:\/\/www.lee-bc.de\/ko\/%ea%b8%89%ec%97%ac-%ed%9a%8c%ea%b3%84\/#breadcrumb"},"inLanguage":"ko-KR","potentialAction":[{"@type":"ReadAction","target":["https:\/\/www.lee-bc.de\/ko\/%ea%b8%89%ec%97%ac-%ed%9a%8c%ea%b3%84\/"]}]},{"@type":"BreadcrumbList","@id":"https:\/\/www.lee-bc.de\/ko\/%ea%b8%89%ec%97%ac-%ed%9a%8c%ea%b3%84\/#breadcrumb","itemListElement":[{"@type":"ListItem","position":1,"name":"Home","item":"https:\/\/www.lee-bc.de\/ko\/startseite\/"},{"@type":"ListItem","position":2,"name":"\uae09\uc5ec \ud68c\uacc4 (Lohnbuchhaltung)"}]},{"@type":"WebSite","@id":"https:\/\/www.lee-bc.de\/#website","url":"https:\/\/www.lee-bc.de\/","name":"LBC Lee Business Consulting | Unternehmensberatung in D\u00fcsseldorf","description":"","potentialAction":[{"@type":"SearchAction","target":{"@type":"EntryPoint","urlTemplate":"https:\/\/www.lee-bc.de\/?s={search_term_string}"},"query-input":{"@type":"PropertyValueSpecification","valueRequired":true,"valueName":"search_term_string"}}],"inLanguage":"ko-KR"}]}},"_links":{"self":[{"href":"https:\/\/www.lee-bc.de\/ko\/wp-json\/wp\/v2\/pages\/1510","targetHints":{"allow":["GET"]}}],"collection":[{"href":"https:\/\/www.lee-bc.de\/ko\/wp-json\/wp\/v2\/pages"}],"about":[{"href":"https:\/\/www.lee-bc.de\/ko\/wp-json\/wp\/v2\/types\/page"}],"author":[{"embeddable":true,"href":"https:\/\/www.lee-bc.de\/ko\/wp-json\/wp\/v2\/users\/2"}],"replies":[{"embeddable":true,"href":"https:\/\/www.lee-bc.de\/ko\/wp-json\/wp\/v2\/comments?post=1510"}],"version-history":[{"count":2,"href":"https:\/\/www.lee-bc.de\/ko\/wp-json\/wp\/v2\/pages\/1510\/revisions"}],"predecessor-version":[{"id":1604,"href":"https:\/\/www.lee-bc.de\/ko\/wp-json\/wp\/v2\/pages\/1510\/revisions\/1604"}],"wp:attachment":[{"href":"https:\/\/www.lee-bc.de\/ko\/wp-json\/wp\/v2\/media?parent=1510"}],"curies":[{"name":"wp","href":"https:\/\/api.w.org\/{rel}","templated":true}]}}